{"id":247,"date":"2023-10-21T08:35:56","date_gmt":"2023-10-21T06:35:56","guid":{"rendered":"http:\/\/kolegiumrim.sk\/?page_id=247"},"modified":"2023-10-21T09:10:54","modified_gmt":"2023-10-21T07:10:54","slug":"slovensky-dom-v-rime","status":"publish","type":"page","link":"http:\/\/kolegiumrim.sk\/?page_id=247","title":{"rendered":"Slovensk\u00fd dom v R\u00edme"},"content":{"rendered":"\t\t<div data-elementor-type=\"wp-page\" data-elementor-id=\"247\" class=\"elementor elementor-247\">\n\t\t\t\t<div class=\"elementor-element elementor-element-7aa2c59a e-flex e-con-boxed e-con e-parent\" data-id=\"7aa2c59a\" data-element_type=\"container\" data-e-type=\"container\">\n\t\t\t\t\t<div class=\"e-con-inner\">\n\t\t\t\t<div class=\"elementor-element elementor-element-2856e843 elementor-widget elementor-widget-text-editor\" data-id=\"2856e843\" data-element_type=\"widget\" data-e-type=\"widget\" data-widget_type=\"text-editor.default\">\n\t\t\t\t<div class=\"elementor-widget-container\">\n\t\t\t\t\t\t\t\t\t<p>My\u0161lienka na vybudovanie slovenskej ustanovizne vo Ve\u010dnom meste sa azda prv\u00fdkr\u00e1t zhmotnila v liste Dr. Stanislava Ka\u0161\u0161ovica z roku 1947 adresovanom Rev. J. J. Lachovi, slovensk\u00e9mu katol\u00edckemu k\u0148azovi a v\u00fdznamn\u00e9mu \u010dinovn\u00edkovi p\u00f4sobiacemu v USA. Av\u0161ak k skuto\u010dnej realiz\u00e1cii tejto my\u0161lienky pri\u0161lo a\u017e koncom p\u00e4\u0165desiatych rokov minul\u00e9ho storo\u010dia, ke\u010f piati signat\u00e1ri Msgr. \u0160tefan N\u00e1halka, Msgr. Jozef Tomko, Don \u013dudov\u00edt Mac\u00e1k SDB, a p\u00e1tri Michal Lacko SJ a F\u00e9lix Litva SJ podp\u00edsali a rozoslali v\u00fdzvu na zalo\u017eenie domu, ktor\u00fd mal nies\u0165 meno slovensk\u00fdch vierozvestov sv. Cyrila a Metoda. P\u00edsal sa 27. december 1959. Dohoda o vzniku tejto novej in\u0161tit\u00facie vznikla o de\u0148 sk\u00f4r, v byte prof. Dr. Ing. Antona Bugana, v R\u00edme. Slovensk\u00fd katol\u00edcky svet \u017eij\u00faci v exile t\u00fato spr\u00e1vu prijal s nad\u0161en\u00edm a temer hne\u010f sa zapo\u010dalo diplomatick\u00e9, duchovn\u00e9 ale i materi\u00e1lne \u00fasilie na z\u00edskanie priazne, prostriedkov i najrozli\u010dnej\u0161\u00edch povolen\u00ed, aby tento z\u00e1mer bolo mo\u017en\u00e9 uskuto\u010dni\u0165.&nbsp;<\/p>\n<p><br><\/p>\n<p>Najrozli\u010dnej\u0161\u00edch prek\u00e1\u017eok bolo ve\u013emi ve\u013ea. Slovensk\u00ed k\u0148azi a laici \u017eij\u00faci v R\u00edme v\u0161ak z\u00edskali pre tento cie\u013e slovensk\u00e9 in\u0161tit\u00facie v USA a Kanade. I\u0161lo predov\u0161etk\u00fdm komunitu slovensk\u00e9ho benedikt\u00ednskeho Op\u00e1tstva sv. Andreja-Svorada v Clevelande zosobnen\u00fa v postave op\u00e1ta Teodora Koji\u0161a, o osobu biskupa Andreja Gregora Grutku z Gary v Indiane (USA) a jednotliv\u00e9 slovensk\u00e9 fraternalistick\u00e9 in\u0161tit\u00facie a &nbsp;Zdru\u017eenie slovensk\u00fdch katol\u00edkov v USA a Kanade. Nemal\u00e9 z\u00e1sluhy na vzniku tohto domu mal aj slovensk\u00fd magn\u00e1t \u0160tefan Boleslav Roman \u017eij\u00faci v Kanade. Za pomoci slovensk\u00e9ho o k\u0148aza Msgr. Jozefa Medov\u00e9ho si bud\u00faci \u00dastav na\u0161iel svoje miesto na \u00fazem\u00ed suburbik\u00e1rnej Diec\u00e9zy Porto Santa Rufina v severoz\u00e1padnom v\u00fdbe\u017eku mesta R\u00edma. V tejto diec\u00e9ze Slov\u00e1kom sa dostalo pochopenia a prijatia. Jej biskupom bol dekan kardin\u00e1lskeho zboru kardin\u00e1l Eug\u00e8ne Tisserant, ktor\u00fd na \u00fazem\u00ed svojej diec\u00e9zy d\u0148a 8. janu\u00e1ra 1961 k\u00e1nonicky zriadil Slovensk\u00fd \u00fastav sv. Cyrila a Metoda. \u00dastav bol \u00faradne schv\u00e1len\u00fd aj dekr\u00e9tom prezidenta Talianskej republiky 17. okt\u00f3bra 1961. Jeho do\u010dasn\u00e9 s\u00eddlo bolo v mali\u010dkom jednoizbovom byte Msgr. \u0160tefana N\u00e1halku, na Via Concordia 1, v budove \u010desko-slovensk\u00e9ho kol\u00e9gia Nepomucenum. Tam, v jeho izbe, s\u00eddlilo od roku 1956 aj Vydavate\u013estvo sv. Cyrila a Metoda.&nbsp;<\/p>\n<p><br><\/p>\n<p><\/p>\n<p>Po nadobudnut\u00ed k\u00e1nonick\u00e9ho i&nbsp;\u0161t\u00e1tneho schv\u00e1lenia mohol \u00dastav za\u010da\u0165 svoju \u010dinnos\u0165. Hlavnou \u00falohou bolo vybudova\u0165 d\u00f4stojn\u00e9 s\u00eddlo. Z\u00edskan\u00e9 finan\u010dn\u00e9 prostriedky posta\u010dovali na k\u00fapu na pozemku na majetkoch gr\u00f3fa E. Manzzoliniho a&nbsp;s&nbsp;realiz\u00e1ciou stavby sa za\u010dalo v&nbsp;zime 1961. Krit\u00e9riom bolo, aby bol dom otvoren\u00fd v&nbsp;roku 1963 na 1100. v\u00fdro\u010die pr\u00edchodu sv. Cyrila a Metoda na \u00fazemie dne\u0161n\u00e9ho Slovenska. Tak sa ja stalo. D\u0148a 14. septembra 1963 p\u00e1pe\u017e sv. Pavol VI. prijal \u010dlenov \u00dastavu ako i&nbsp;ve\u013ek\u00fd z\u00e1stup slovensk\u00fdch p\u00fatnikov \u017eij\u00facich v&nbsp;exile na osobitnej audiencii a&nbsp;vyzdvihol \u00fasilie Slov\u00e1kov ma\u0165 v&nbsp;R\u00edme vlastn\u00fd dom, ktor\u00fd by napom\u00e1hal rozvoju duchovn\u00fdch povolan\u00ed, bol domovom pre slovensk\u00fdch exulantov a&nbsp;zastre\u0161oval by slovensk\u00fa vydavate\u013esk\u00fa, vedeck\u00fa a&nbsp;du\u0161pastiersku \u010dinnos\u0165 v&nbsp;slobodnom svete. Na druh\u00fd de\u0148, na sviatok patr\u00f3nky Slovenska, Panny M\u00e1rie Sedembolestnej, sa t\u00edto \u00fa\u010dastn\u00edci zi\u0161li pred novu\u010di\u010dkou budovou kostola a&nbsp;\u00dastavu na vtedaj\u0161ej adrese Via Cassia 14,5 km. Posviacku kostola vykonal kardin\u00e1l Tisserant a&nbsp;z\u00e1rove\u0148 po\u017eehnal dom a&nbsp;sl\u00e1vnostne ho otvoril. Pre mnoh\u00fdch sa tento okamih javil nie ako mal\u00fd, ale ako ve\u013ek\u00fd z\u00e1zrak. Bol to ve\u013ek\u00fd okamih a&nbsp;jeho pozit\u00edvne a&nbsp;v\u00fdnimo\u010dn\u00e9 d\u00f4sledky pre n\u00e1\u0161 n\u00e1rod a&nbsp;Cirkev si uvedomujeme dodnes. Pre Slov\u00e1kov a&nbsp;slovensk\u00fa cirkev sa tento dom stal vysunut\u00fdm pracoviskom, miestom form\u00e1cie pre slovensk\u00fa ml\u00e1de\u017e v&nbsp;gymn\u00e1ziu vedenom otcami salezi\u00e1nmi, miestom neofici\u00e1lneho, ale funk\u010dn\u00e9ho a \u00fa\u010dinn\u00e9ho diplomatick\u00e9ho zast\u00fapenia Slov\u00e1kov pred Sv\u00e4tou Stolicou, miestom produkcie n\u00e1bo\u017eenskej literat\u00fary, p\u00fatnick\u00fdm domom a&nbsp;v&nbsp;neposlednom rade v\u00fdznamn\u00fdm duchovn\u00fdm centrom n\u00e1\u0161ho n\u00e1roda.&nbsp;<\/p>\n<p><br><\/p>\n<p><\/p>\n<p>V&nbsp;roku 1981 dom nav\u0161t\u00edvil sv. J\u00e1n Pavol II. T\u00fato n\u00e1v\u0161tevu mo\u017eno pr\u00e1vom pova\u017eova\u0165 za prv\u00fa n\u00e1v\u0161tevu r\u00edmskeho p\u00e1pe\u017ea u&nbsp;Slov\u00e1kov. U\u010dinil tak na \u201eslovenskej p\u00f4de v&nbsp;R\u00edme\u201c nako\u013eko to vo vlasti pre komunistick\u00fd re\u017eim nebolo mo\u017en\u00e9.&nbsp;<\/p>\n<p><br><\/p>\n<p><\/p>\n<p>Dnes dom sl\u00fa\u017ei na\u010falej ako slovensk\u00e9 centrum v&nbsp;R\u00edme. Z\u00e1rove\u0148 je s\u00eddlom slovensk\u00e9ho kol\u00e9gia pre k\u0148azov, ktor\u00ed prich\u00e1dzaj\u00fa do R\u00edma na postgradu\u00e1lne \u0161t\u00fadia. Spolupracuje na r\u00f4znych vedeck\u00fdch projektoch, organizuje krajansk\u00e9 stretnutia, zabezpe\u010duje duchovn\u00e9 aktivity pre krajanov v&nbsp;\u017eij\u00facich v&nbsp;R\u00edme a&nbsp;prij\u00edma na prehliadku aj slovensk\u00e9 p\u00fate, ktor\u00e9 do R\u00edma prich\u00e1dzaj\u00fa. V&nbsp;uplynulom obdob\u00ed v&nbsp;spolupr\u00e1ci s&nbsp;in\u00fdmi in\u0161tit\u00faciami vydal nieko\u013eko publik\u00e1ci\u00ed.&nbsp;<\/p><p><br><\/p><p><b>Dom je mo\u017en\u00e9 nav\u0161t\u00edvi\u0165, \u010do odpor\u00fa\u010dame najm\u00e4 organizovan\u00fdm z\u00e1jazdom, je tu mo\u017enos\u0165 sl\u00e1vi\u0165 sv. om\u0161u, vypo\u010du\u0165 si v\u00fdklad o&nbsp;dejin\u00e1ch domu, prezrie\u0165 priestory a&nbsp;pookria\u0165 na slovenskej p\u00f4de v&nbsp;R\u00edme.&nbsp;<\/b><\/p>\n<p><br><\/p>\n<p><\/p>\n<p>60 rokov od otvorenia domu a&nbsp;posviacky kostola sv. Cyrila a Metoda je d\u00f4kazom, \u017ee my\u0161lienka na slovensk\u00fd dom v&nbsp;R\u00edme sa dobre ujala a&nbsp;najm\u00e4, \u017ee dostala po\u017eehnanie od nebesk\u00e9ho Otca a&nbsp;ochranu Panny M\u00e1rie Sedembolestnej.&nbsp;<\/p>\n<p><br><\/p>\n<p><\/p>\n<p>(R)<\/p>\n<p class=\"MsoNormal\" style=\"margin: 0cm; font-size: medium; font-family: Calibri, sans-serif; caret-color: #000000; color: #000000; text-align: start;\">\n<\/p>\t\t\t\t\t\t\t\t<\/div>\n\t\t\t\t<\/div>\n\t\t\t\t\t<\/div>\n\t\t\t\t<\/div>\n\t\t\t\t<\/div>\n\t\t","protected":false},"excerpt":{"rendered":"<p>My\u0161lienka na vybudovanie slovenskej ustanovizne vo Ve\u010dnom meste sa azda prv\u00fdkr\u00e1t zhmotnila v liste Dr. Stanislava Ka\u0161\u0161ovica z roku 1947 adresovanom Rev. J. J. Lachovi, slovensk\u00e9mu katol\u00edckemu k\u0148azovi a v\u00fdznamn\u00e9mu \u010dinovn\u00edkovi p\u00f4sobiacemu v USA. Av\u0161ak k skuto\u010dnej realiz\u00e1cii tejto my\u0161lienky pri\u0161lo a\u017e koncom p\u00e4\u0165desiatych rokov minul\u00e9ho storo\u010dia, ke\u010f piati signat\u00e1ri Msgr. \u0160tefan N\u00e1halka, Msgr. Jozef Tomko, Don \u013dudov\u00edt Mac\u00e1k SDB, a p\u00e1tri Michal Lacko SJ a F\u00e9lix Litva SJ podp\u00edsali a rozoslali v\u00fdzvu na zalo\u017eenie domu, ktor\u00fd mal nies\u0165 meno slovensk\u00fdch vierozvestov sv. Cyrila a Metoda. P\u00edsal sa 27. december 1959. Dohoda o vzniku tejto novej in\u0161tit\u00facie vznikla o de\u0148<\/p>\n","protected":false},"author":2,"featured_media":0,"parent":0,"menu_order":0,"comment_status":"closed","ping_status":"closed","template":"","meta":{"_eb_attr":"","om_disable_all_campaigns":false,"_monsterinsights_skip_tracking":false,"_monsterinsights_sitenote_active":false,"_monsterinsights_sitenote_note":"","_monsterinsights_sitenote_category":0,"_uf_show_specific_survey":0,"_uf_disable_surveys":false,"footnotes":""},"class_list":["post-247","page","type-page","status-publish","hentry"],"aioseo_notices":[],"_links":{"self":[{"href":"http:\/\/kolegiumrim.sk\/index.php?rest_route=\/wp\/v2\/pages\/247","targetHints":{"allow":["GET"]}}],"collection":[{"href":"http:\/\/kolegiumrim.sk\/index.php?rest_route=\/wp\/v2\/pages"}],"about":[{"href":"http:\/\/kolegiumrim.sk\/index.php?rest_route=\/wp\/v2\/types\/page"}],"author":[{"embeddable":true,"href":"http:\/\/kolegiumrim.sk\/index.php?rest_route=\/wp\/v2\/users\/2"}],"replies":[{"embeddable":true,"href":"http:\/\/kolegiumrim.sk\/index.php?rest_route=%2Fwp%2Fv2%2Fcomments&post=247"}],"version-history":[{"count":7,"href":"http:\/\/kolegiumrim.sk\/index.php?rest_route=\/wp\/v2\/pages\/247\/revisions"}],"predecessor-version":[{"id":293,"href":"http:\/\/kolegiumrim.sk\/index.php?rest_route=\/wp\/v2\/pages\/247\/revisions\/293"}],"wp:attachment":[{"href":"http:\/\/kolegiumrim.sk\/index.php?rest_route=%2Fwp%2Fv2%2Fmedia&parent=247"}],"curies":[{"name":"wp","href":"https:\/\/api.w.org\/{rel}","templated":true}]}}